{"id":2522,"date":"2023-08-01T07:13:47","date_gmt":"2023-08-01T05:13:47","guid":{"rendered":"https:\/\/pomoc-ua.cz\/product\/hoodie-with-logo\/"},"modified":"2024-10-09T22:41:53","modified_gmt":"2024-10-09T20:41:53","slug":"triko-sonjasnyk-bile","status":"publish","type":"product","link":"https:\/\/pomoc-ua.cz\/de\/produkt\/triko-sonjasnyk-bile\/","title":{"rendered":"Triko Sonja\u0161nyk &#8211; b\u00edl\u00e9"},"content":{"rendered":"<p>Tri\u010dko Sonja\u0161nyk s vy\u0161\u00edvankov\u00fdm motivem. N\u00e1kupem tri\u010dka podpo\u0159\u00edte pomoc v\u00e1lkou zasa\u017een\u00e9 Ukrajin\u011b. D\u00edky, \u017ee s n\u00e1mi pom\u00e1h\u00e1te.<\/p>\n","protected":false},"excerpt":{"rendered":"<p>Tri\u010dko Sonja\u0161nyk s vy\u0161\u00edvankov\u00fdm motivem. N\u00e1kupem tri\u010dka podpo\u0159\u00edte pomoc v\u00e1lkou zasa\u017een\u00e9 Ukrajin\u011b. D\u00edky, \u017ee s n\u00e1mi pom\u00e1h\u00e1te.<\/p>\n","protected":false},"featured_media":2253,"template":"","meta":{"_acf_changed":false,"inline_featured_image":false},"product_brand":[],"product_cat":[62],"product_tag":[],"class_list":{"0":"post-2522","1":"product","2":"type-product","3":"status-publish","4":"has-post-thumbnail","6":"product_cat-trika","8":"first","9":"instock","10":"shipping-taxable","11":"purchasable","12":"product-type-variable"},"acf":[],"_links":{"self":[{"href":"https:\/\/pomoc-ua.cz\/de\/wp-json\/wp\/v2\/product\/2522","targetHints":{"allow":["GET"]}}],"collection":[{"href":"https:\/\/pomoc-ua.cz\/de\/wp-json\/wp\/v2\/product"}],"about":[{"href":"https:\/\/pomoc-ua.cz\/de\/wp-json\/wp\/v2\/types\/product"}],"wp:featuredmedia":[{"embeddable":true,"href":"https:\/\/pomoc-ua.cz\/de\/wp-json\/wp\/v2\/media\/2253"}],"wp:attachment":[{"href":"https:\/\/pomoc-ua.cz\/de\/wp-json\/wp\/v2\/media?parent=2522"}],"wp:term":[{"taxonomy":"product_brand","embeddable":true,"href":"https:\/\/pomoc-ua.cz\/de\/wp-json\/wp\/v2\/product_brand?post=2522"},{"taxonomy":"product_cat","embeddable":true,"href":"https:\/\/pomoc-ua.cz\/de\/wp-json\/wp\/v2\/product_cat?post=2522"},{"taxonomy":"product_tag","embeddable":true,"href":"https:\/\/pomoc-ua.cz\/de\/wp-json\/wp\/v2\/product_tag?post=2522"}],"curies":[{"name":"wp","href":"https:\/\/api.w.org\/{rel}","templated":true}]}}