{"id":3654,"date":"2023-08-04T08:07:07","date_gmt":"2023-08-04T06:07:07","guid":{"rendered":"https:\/\/pomoc-ua.cz\/?post_type=product&#038;p=3654"},"modified":"2024-02-23T09:48:20","modified_gmt":"2024-02-23T08:48:20","slug":"triko-sonjasnyk-vanoce-cerne","status":"publish","type":"product","link":"https:\/\/pomoc-ua.cz\/de\/produkt\/triko-sonjasnyk-vanoce-cerne\/","title":{"rendered":"Triko Sonja\u0161nyk V\u00e1noce &#8211; \u010dern\u00e9"},"content":{"rendered":"<p>N\u00e1kupem v\u00e1no\u010dn\u00edch produkt\u016f p\u0159isp\u011bjete na n\u00e1kup kamen a d\u0159eva pro voj\u00e1ky i civiln\u00ed obyvatele Ukrajiny. Moc v\u00e1m d\u011bkujeme!<\/p>\n","protected":false},"excerpt":{"rendered":"<p>N\u00e1kupem v\u00e1no\u010dn\u00edch produkt\u016f p\u0159isp\u011bjete na n\u00e1kup kamen a d\u0159eva pro voj\u00e1ky i civiln\u00ed obyvatele Ukrajiny. Moc v\u00e1m d\u011bkujeme!<\/p>\n","protected":false},"featured_media":3665,"template":"","meta":{"_acf_changed":false,"inline_featured_image":false},"product_brand":[],"product_cat":[62],"product_tag":[71],"class_list":{"0":"post-3654","1":"product","2":"type-product","3":"status-publish","4":"has-post-thumbnail","6":"product_cat-trika","7":"product_tag-vanocni","9":"first","10":"outofstock","11":"shipping-taxable","12":"product-type-variable"},"acf":[],"_links":{"self":[{"href":"https:\/\/pomoc-ua.cz\/de\/wp-json\/wp\/v2\/product\/3654","targetHints":{"allow":["GET"]}}],"collection":[{"href":"https:\/\/pomoc-ua.cz\/de\/wp-json\/wp\/v2\/product"}],"about":[{"href":"https:\/\/pomoc-ua.cz\/de\/wp-json\/wp\/v2\/types\/product"}],"wp:featuredmedia":[{"embeddable":true,"href":"https:\/\/pomoc-ua.cz\/de\/wp-json\/wp\/v2\/media\/3665"}],"wp:attachment":[{"href":"https:\/\/pomoc-ua.cz\/de\/wp-json\/wp\/v2\/media?parent=3654"}],"wp:term":[{"taxonomy":"product_brand","embeddable":true,"href":"https:\/\/pomoc-ua.cz\/de\/wp-json\/wp\/v2\/product_brand?post=3654"},{"taxonomy":"product_cat","embeddable":true,"href":"https:\/\/pomoc-ua.cz\/de\/wp-json\/wp\/v2\/product_cat?post=3654"},{"taxonomy":"product_tag","embeddable":true,"href":"https:\/\/pomoc-ua.cz\/de\/wp-json\/wp\/v2\/product_tag?post=3654"}],"curies":[{"name":"wp","href":"https:\/\/api.w.org\/{rel}","templated":true}]}}