{"id":3689,"date":"2023-01-04T08:11:48","date_gmt":"2023-01-04T07:11:48","guid":{"rendered":"https:\/\/pomoc-ua.cz\/?post_type=product&#038;p=3689"},"modified":"2024-02-23T09:48:20","modified_gmt":"2024-02-23T08:48:20","slug":"taska-sonjasnyk-vanoce-bila","status":"publish","type":"product","link":"https:\/\/pomoc-ua.cz\/de\/produkt\/taska-sonjasnyk-vanoce-bila\/","title":{"rendered":"Ta\u0161ka Sonja\u0161nyk V\u00e1noce &#8211; b\u00edl\u00e1"},"content":{"rendered":"<p>N\u00e1kupem v\u00e1no\u010dn\u00edch produkt\u016f p\u0159isp\u011bjete na n\u00e1kup kamen a d\u0159eva pro voj\u00e1ky i civiln\u00ed obyvatele Ukrajiny. Moc v\u00e1m d\u011bkujeme!<\/p>\n","protected":false},"excerpt":{"rendered":"<p>N\u00e1kupem v\u00e1no\u010dn\u00edch produkt\u016f p\u0159isp\u011bjete na n\u00e1kup kamen a d\u0159eva pro voj\u00e1ky i civiln\u00ed obyvatele Ukrajiny. Moc v\u00e1m d\u011bkujeme!<\/p>\n","protected":false},"featured_media":3690,"template":"","meta":{"_acf_changed":false,"inline_featured_image":false},"product_brand":[],"product_cat":[64],"product_tag":[71],"class_list":{"0":"post-3689","1":"product","2":"type-product","3":"status-publish","4":"has-post-thumbnail","6":"product_cat-tasky","7":"product_tag-vanocni","9":"first","10":"outofstock","11":"shipping-taxable","12":"purchasable","13":"product-type-simple"},"acf":[],"_links":{"self":[{"href":"https:\/\/pomoc-ua.cz\/de\/wp-json\/wp\/v2\/product\/3689","targetHints":{"allow":["GET"]}}],"collection":[{"href":"https:\/\/pomoc-ua.cz\/de\/wp-json\/wp\/v2\/product"}],"about":[{"href":"https:\/\/pomoc-ua.cz\/de\/wp-json\/wp\/v2\/types\/product"}],"wp:featuredmedia":[{"embeddable":true,"href":"https:\/\/pomoc-ua.cz\/de\/wp-json\/wp\/v2\/media\/3690"}],"wp:attachment":[{"href":"https:\/\/pomoc-ua.cz\/de\/wp-json\/wp\/v2\/media?parent=3689"}],"wp:term":[{"taxonomy":"product_brand","embeddable":true,"href":"https:\/\/pomoc-ua.cz\/de\/wp-json\/wp\/v2\/product_brand?post=3689"},{"taxonomy":"product_cat","embeddable":true,"href":"https:\/\/pomoc-ua.cz\/de\/wp-json\/wp\/v2\/product_cat?post=3689"},{"taxonomy":"product_tag","embeddable":true,"href":"https:\/\/pomoc-ua.cz\/de\/wp-json\/wp\/v2\/product_tag?post=3689"}],"curies":[{"name":"wp","href":"https:\/\/api.w.org\/{rel}","templated":true}]}}