{"id":3699,"date":"2023-08-06T08:14:00","date_gmt":"2023-08-06T06:14:00","guid":{"rendered":"https:\/\/pomoc-ua.cz\/?post_type=product&#038;p=3699"},"modified":"2026-02-24T18:13:51","modified_gmt":"2026-02-24T17:13:51","slug":"triko-sonjasnyk-bojovnice-cerne","status":"publish","type":"product","link":"https:\/\/pomoc-ua.cz\/de\/produkt\/triko-sonjasnyk-bojovnice-cerne\/","title":{"rendered":"Triko Bojovnice &#8211; \u010dern\u00e9"},"content":{"rendered":"<div dir=\"auto\">D\u00e1v\u00e1me do prodeje LIMITOVANOU EDICI (100ks) t\u011bchto kr\u00e1sn\u00fdch tri\u010dek s bojovnic\u00ed, kterou nakreslil talentovan\u00fd mlad\u00edk Maxim na \u00fat\u011bku p\u0159ed v\u00e1lkou.<\/div>\n<div dir=\"auto\">Prvn\u00ed nositelkou byla Maximova babi\u010dka a v okol\u00ed se to l\u00edbilo natolik, \u017ee jsme se rozhodly d\u00e1t tu mo\u017enost i ostatn\u00edm.<\/div>\n<div dir=\"auto\">\n<p>Cena jednoho kusu je 2007 K\u010d, proto\u017ee Maxim je ro\u010dn\u00edk 2007, tak\u017ee je to jeho \u010d\u00edslo, ve kter\u00e9m bude obsa\u017eena pomoc na z\u00e1chranu lidsk\u00e9ho \u017eivota: tak moc pot\u0159ebn\u00e9 a v\u011b\u010dn\u011b nedostatkov\u00e9 \u0161krtidlo a plicn\u00ed jehla do l\u00e9k\u00e1rni\u010dek, kter\u00e9 pos\u00edl\u00e1me na Ukrajinu, kvalitn\u00ed fair trade tri\u010dko s origin\u00e1ln\u00edm potiskem, jeho\u017e koup\u00ed d\u00e1te pr\u00e1ci Maximov\u011b tet\u011b. Olha je pro v\u00e1s toti\u017e natiskne a p\u0159iprav\u00ed k odesl\u00e1n\u00ed. A tak\u00e9 provize pro na\u0161eho mlad\u00e9ho autora. Co v\u00edc si p\u0159\u00e1t. D\u011bkujeme za podporu Ukrajiny a jej\u00edch state\u010dn\u00fdch bojovn\u00edk\u016f a bojovnic.<\/p>\n<\/div>\n","protected":false},"excerpt":{"rendered":"<div>Podpo\u0159\u00ed n\u00e1kup l\u00e9k\u00e1rni\u010dky k z\u00e1chran\u011b \u017eivota<\/div>\n","protected":false},"featured_media":3710,"template":"","meta":{"_acf_changed":false,"inline_featured_image":false},"product_brand":[],"product_cat":[62],"product_tag":[],"class_list":{"0":"post-3699","1":"product","2":"type-product","3":"status-publish","4":"has-post-thumbnail","6":"product_cat-trika","8":"first","9":"instock","10":"shipping-taxable","11":"purchasable","12":"product-type-variable"},"acf":[],"_links":{"self":[{"href":"https:\/\/pomoc-ua.cz\/de\/wp-json\/wp\/v2\/product\/3699","targetHints":{"allow":["GET"]}}],"collection":[{"href":"https:\/\/pomoc-ua.cz\/de\/wp-json\/wp\/v2\/product"}],"about":[{"href":"https:\/\/pomoc-ua.cz\/de\/wp-json\/wp\/v2\/types\/product"}],"wp:featuredmedia":[{"embeddable":true,"href":"https:\/\/pomoc-ua.cz\/de\/wp-json\/wp\/v2\/media\/3710"}],"wp:attachment":[{"href":"https:\/\/pomoc-ua.cz\/de\/wp-json\/wp\/v2\/media?parent=3699"}],"wp:term":[{"taxonomy":"product_brand","embeddable":true,"href":"https:\/\/pomoc-ua.cz\/de\/wp-json\/wp\/v2\/product_brand?post=3699"},{"taxonomy":"product_cat","embeddable":true,"href":"https:\/\/pomoc-ua.cz\/de\/wp-json\/wp\/v2\/product_cat?post=3699"},{"taxonomy":"product_tag","embeddable":true,"href":"https:\/\/pomoc-ua.cz\/de\/wp-json\/wp\/v2\/product_tag?post=3699"}],"curies":[{"name":"wp","href":"https:\/\/api.w.org\/{rel}","templated":true}]}}