{"id":4641,"date":"2024-06-09T17:32:48","date_gmt":"2024-06-09T15:32:48","guid":{"rendered":"https:\/\/pomoc-ua.cz\/?post_type=product&#038;p=4641"},"modified":"2024-10-09T22:33:55","modified_gmt":"2024-10-09T20:33:55","slug":"batoh-jeste-chvili-velky","status":"publish","type":"product","link":"https:\/\/pomoc-ua.cz\/de\/produkt\/batoh-jeste-chvili-velky\/","title":{"rendered":"Batoh &#8222;Je\u0161t\u011b chv\u00edli&#8220; velk\u00fd"},"content":{"rendered":"<p>Velk\u00fd batoh &#8222;Je\u0161t\u011b chv\u00edli&#8220; s merchem ze stejnojmenn\u00e9ho CD Pavla Helana a Sonja\u0161nyku. 100% polyester, objem 8-15l, 28 x 32 x 12 cm, nelze pr\u00e1t. Skladem m\u00e1me v\u017edy 1 kus, dal\u0161\u00ed kusy na objedn\u00e1vku. P\u0159i objedn\u00e1n\u00ed dod\u00e1me do t\u00fddne &#8211; 14 dn\u016f. N\u00e1kupem batohu p\u0159isp\u011bjete na humanit\u00e1rn\u00ed pomoc lidem na Ukrajin\u011b.<\/p>\n","protected":false},"excerpt":{"rendered":"<p>Velk\u00fd batoh &#8222;Je\u0161t\u011b chv\u00edli&#8220; s merchem ze stejnojmenn\u00e9ho CD Pavla Helana a Sonja\u0161nyku. 100% polyester, objem 8-15l, 28 x 32 x 12 cm, nelze pr\u00e1t. Skladem m\u00e1me v\u017edy 1 kus, dal\u0161\u00ed kusy na objedn\u00e1vku. P\u0159i objedn\u00e1n\u00ed dod\u00e1me do t\u00fddne &#8211; 14 dn\u016f. N\u00e1kupem batohu p\u0159isp\u011bjete na humanit\u00e1rn\u00ed pomoc lidem na Ukrajin\u011b.<\/p>\n","protected":false},"featured_media":4670,"template":"","meta":{"_acf_changed":false,"inline_featured_image":false},"product_brand":[],"product_cat":[64],"product_tag":[75],"class_list":{"0":"post-4641","1":"product","2":"type-product","3":"status-publish","4":"has-post-thumbnail","6":"product_cat-tasky","7":"product_tag-jeste-chvili","9":"first","10":"instock","11":"shipping-taxable","12":"purchasable","13":"product-type-simple"},"acf":[],"_links":{"self":[{"href":"https:\/\/pomoc-ua.cz\/de\/wp-json\/wp\/v2\/product\/4641","targetHints":{"allow":["GET"]}}],"collection":[{"href":"https:\/\/pomoc-ua.cz\/de\/wp-json\/wp\/v2\/product"}],"about":[{"href":"https:\/\/pomoc-ua.cz\/de\/wp-json\/wp\/v2\/types\/product"}],"wp:featuredmedia":[{"embeddable":true,"href":"https:\/\/pomoc-ua.cz\/de\/wp-json\/wp\/v2\/media\/4670"}],"wp:attachment":[{"href":"https:\/\/pomoc-ua.cz\/de\/wp-json\/wp\/v2\/media?parent=4641"}],"wp:term":[{"taxonomy":"product_brand","embeddable":true,"href":"https:\/\/pomoc-ua.cz\/de\/wp-json\/wp\/v2\/product_brand?post=4641"},{"taxonomy":"product_cat","embeddable":true,"href":"https:\/\/pomoc-ua.cz\/de\/wp-json\/wp\/v2\/product_cat?post=4641"},{"taxonomy":"product_tag","embeddable":true,"href":"https:\/\/pomoc-ua.cz\/de\/wp-json\/wp\/v2\/product_tag?post=4641"}],"curies":[{"name":"wp","href":"https:\/\/api.w.org\/{rel}","templated":true}]}}