{"id":3627,"date":"2023-08-03T07:48:58","date_gmt":"2023-08-03T05:48:58","guid":{"rendered":"https:\/\/pomoc-ua.cz\/?post_type=product&#038;p=3627"},"modified":"2024-10-09T22:40:21","modified_gmt":"2024-10-09T20:40:21","slug":"triko-sonjasnyk-cerne","status":"publish","type":"product","link":"https:\/\/pomoc-ua.cz\/en\/produkt\/triko-sonjasnyk-cerne\/","title":{"rendered":"Triko Sonja\u0161nyk &#8211; \u010dern\u00e9"},"content":{"rendered":"<p>Tri\u010dko s vy\u0161\u00edvankov\u00fdm motivem Sonja\u0161nyku. N\u00e1kupem tri\u010dka p\u0159isp\u011bjete na humanit\u00e1rn\u00ed pomoc a aktivity na podporu Ukrajinc\u016f v \u010cech\u00e1ch i na Ukrajin\u011b. D\u011bkujeme, \u017ee s n\u00e1mi pom\u00e1h\u00e1te!<\/p>\n","protected":false},"excerpt":{"rendered":"<p>Tri\u010dko s vy\u0161\u00edvankov\u00fdm motivem Sonja\u0161nyku. N\u00e1kupem tri\u010dka p\u0159isp\u011bjete na humanit\u00e1rn\u00ed pomoc a aktivity na podporu Ukrajinc\u016f v \u010cech\u00e1ch i na Ukrajin\u011b. D\u011bkujeme, \u017ee s n\u00e1mi pom\u00e1h\u00e1te!<\/p>\n","protected":false},"featured_media":3636,"template":"","meta":{"_acf_changed":false,"inline_featured_image":false},"product_brand":[],"product_cat":[62],"product_tag":[],"class_list":{"0":"post-3627","1":"product","2":"type-product","3":"status-publish","4":"has-post-thumbnail","6":"product_cat-trika","8":"first","9":"instock","10":"shipping-taxable","11":"purchasable","12":"product-type-variable"},"acf":[],"_links":{"self":[{"href":"https:\/\/pomoc-ua.cz\/en\/wp-json\/wp\/v2\/product\/3627","targetHints":{"allow":["GET"]}}],"collection":[{"href":"https:\/\/pomoc-ua.cz\/en\/wp-json\/wp\/v2\/product"}],"about":[{"href":"https:\/\/pomoc-ua.cz\/en\/wp-json\/wp\/v2\/types\/product"}],"wp:featuredmedia":[{"embeddable":true,"href":"https:\/\/pomoc-ua.cz\/en\/wp-json\/wp\/v2\/media\/3636"}],"wp:attachment":[{"href":"https:\/\/pomoc-ua.cz\/en\/wp-json\/wp\/v2\/media?parent=3627"}],"wp:term":[{"taxonomy":"product_brand","embeddable":true,"href":"https:\/\/pomoc-ua.cz\/en\/wp-json\/wp\/v2\/product_brand?post=3627"},{"taxonomy":"product_cat","embeddable":true,"href":"https:\/\/pomoc-ua.cz\/en\/wp-json\/wp\/v2\/product_cat?post=3627"},{"taxonomy":"product_tag","embeddable":true,"href":"https:\/\/pomoc-ua.cz\/en\/wp-json\/wp\/v2\/product_tag?post=3627"}],"curies":[{"name":"wp","href":"https:\/\/api.w.org\/{rel}","templated":true}]}}