{"id":3644,"date":"2023-01-02T07:12:37","date_gmt":"2023-01-02T06:12:37","guid":{"rendered":"https:\/\/pomoc-ua.cz\/?post_type=product&#038;p=3644"},"modified":"2024-10-09T22:45:12","modified_gmt":"2024-10-09T20:45:12","slug":"taska-modra","status":"publish","type":"product","link":"https:\/\/pomoc-ua.cz\/en\/produkt\/taska-modra\/","title":{"rendered":"Ta\u0161ka &#8211; modr\u00e1"},"content":{"rendered":"<p>Ta\u0161ka Sonja\u0161nyk. N\u00e1kupem z\u00e1st\u011bry podporujete na\u0161e aktivity a pomoc ukrajinsk\u00fdm uprchl\u00edk\u016fm na Ukrajin\u011b i v \u010cech\u00e1ch. Moc v\u00e1m d\u011bkujeme!<\/p>\n","protected":false},"excerpt":{"rendered":"<p>Ta\u0161ka Sonja\u0161nyk. N\u00e1kupem z\u00e1st\u011bry podporujete na\u0161e aktivity a pomoc ukrajinsk\u00fdm uprchl\u00edk\u016fm na Ukrajin\u011b i v \u010cech\u00e1ch. Moc v\u00e1m d\u011bkujeme!<\/p>\n","protected":false},"featured_media":3645,"template":"","meta":{"_acf_changed":false,"inline_featured_image":false},"product_brand":[],"product_cat":[64],"product_tag":[],"class_list":{"0":"post-3644","1":"product","2":"type-product","3":"status-publish","4":"has-post-thumbnail","6":"product_cat-tasky","8":"first","9":"instock","10":"shipping-taxable","11":"purchasable","12":"product-type-simple"},"acf":[],"_links":{"self":[{"href":"https:\/\/pomoc-ua.cz\/en\/wp-json\/wp\/v2\/product\/3644","targetHints":{"allow":["GET"]}}],"collection":[{"href":"https:\/\/pomoc-ua.cz\/en\/wp-json\/wp\/v2\/product"}],"about":[{"href":"https:\/\/pomoc-ua.cz\/en\/wp-json\/wp\/v2\/types\/product"}],"wp:featuredmedia":[{"embeddable":true,"href":"https:\/\/pomoc-ua.cz\/en\/wp-json\/wp\/v2\/media\/3645"}],"wp:attachment":[{"href":"https:\/\/pomoc-ua.cz\/en\/wp-json\/wp\/v2\/media?parent=3644"}],"wp:term":[{"taxonomy":"product_brand","embeddable":true,"href":"https:\/\/pomoc-ua.cz\/en\/wp-json\/wp\/v2\/product_brand?post=3644"},{"taxonomy":"product_cat","embeddable":true,"href":"https:\/\/pomoc-ua.cz\/en\/wp-json\/wp\/v2\/product_cat?post=3644"},{"taxonomy":"product_tag","embeddable":true,"href":"https:\/\/pomoc-ua.cz\/en\/wp-json\/wp\/v2\/product_tag?post=3644"}],"curies":[{"name":"wp","href":"https:\/\/api.w.org\/{rel}","templated":true}]}}