{"id":4691,"date":"2024-06-11T19:54:56","date_gmt":"2024-06-11T17:54:56","guid":{"rendered":"https:\/\/pomoc-ua.cz\/?post_type=product&#038;p=4691"},"modified":"2024-10-09T22:20:16","modified_gmt":"2024-10-09T20:20:16","slug":"penalek-tasticka-jeste-chvili","status":"publish","type":"product","link":"https:\/\/pomoc-ua.cz\/en\/produkt\/penalek-tasticka-jeste-chvili\/","title":{"rendered":"Pen\u00e1lek\/ta\u0161ti\u010dka &#8220;Je\u0161t\u011b chv\u00edli&#8221;"},"content":{"rendered":"<p>Pen\u00e1lek na tu\u017eky nebo ta\u0161ti\u010dka na drobnosti z edice &#8220;Je\u0161t\u011b chv\u00edli&#8221;. N\u00e1kupem pen\u00e1lku p\u0159isp\u011bjete na humanit\u00e1rn\u00ed pomoc Ukrajin\u011b. Rozm\u011bry 20 x 11,5 cm<\/p>\n","protected":false},"excerpt":{"rendered":"<p>Pen\u00e1lek na tu\u017eky nebo ta\u0161ti\u010dka na drobnosti z edice &#8220;Je\u0161t\u011b chv\u00edli&#8221;. N\u00e1kupem pen\u00e1lku p\u0159isp\u011bjete na humanit\u00e1rn\u00ed pomoc Ukrajin\u011b. Rozm\u011bry 20 x 11,5 cm<\/p>\n","protected":false},"featured_media":4686,"template":"","meta":{"_acf_changed":false,"inline_featured_image":false},"product_brand":[],"product_cat":[64],"product_tag":[75],"class_list":{"0":"post-4691","1":"product","2":"type-product","3":"status-publish","4":"has-post-thumbnail","6":"product_cat-tasky","7":"product_tag-jeste-chvili","9":"first","10":"instock","11":"shipping-taxable","12":"purchasable","13":"product-type-simple"},"acf":[],"_links":{"self":[{"href":"https:\/\/pomoc-ua.cz\/en\/wp-json\/wp\/v2\/product\/4691","targetHints":{"allow":["GET"]}}],"collection":[{"href":"https:\/\/pomoc-ua.cz\/en\/wp-json\/wp\/v2\/product"}],"about":[{"href":"https:\/\/pomoc-ua.cz\/en\/wp-json\/wp\/v2\/types\/product"}],"wp:featuredmedia":[{"embeddable":true,"href":"https:\/\/pomoc-ua.cz\/en\/wp-json\/wp\/v2\/media\/4686"}],"wp:attachment":[{"href":"https:\/\/pomoc-ua.cz\/en\/wp-json\/wp\/v2\/media?parent=4691"}],"wp:term":[{"taxonomy":"product_brand","embeddable":true,"href":"https:\/\/pomoc-ua.cz\/en\/wp-json\/wp\/v2\/product_brand?post=4691"},{"taxonomy":"product_cat","embeddable":true,"href":"https:\/\/pomoc-ua.cz\/en\/wp-json\/wp\/v2\/product_cat?post=4691"},{"taxonomy":"product_tag","embeddable":true,"href":"https:\/\/pomoc-ua.cz\/en\/wp-json\/wp\/v2\/product_tag?post=4691"}],"curies":[{"name":"wp","href":"https:\/\/api.w.org\/{rel}","templated":true}]}}